{"id":1587,"date":"2026-03-15T13:49:28","date_gmt":"2026-03-15T13:49:28","guid":{"rendered":"https:\/\/thchang.com\/hyperkalid\/?post_type=product&#038;p=1587"},"modified":"2026-03-15T13:53:06","modified_gmt":"2026-03-15T13:53:06","slug":"magnet-blondes-ultimate-clay-powder-8","status":"publish","type":"product","link":"https:\/\/hyperkalid.thoperchang.com\/?product=magnet-blondes-ultimate-clay-powder-8","title":{"rendered":"Magnet Blondes Ultimate Clay Powder 8"},"content":{"rendered":"<h2 data-section-id=\"z9e678\" data-start=\"748\" data-end=\"809\">Revlon Professional Magnet\u2122 Blondes Ultimate Clay Powder 8<\/h2>\n<p data-start=\"811\" data-end=\"1137\">El <strong data-start=\"814\" data-end=\"878\">Magnet Blondes Ultimate Clay Powder 8 de Revlon Professional<\/strong> es un polvo decolorante de alto rendimiento dise\u00f1ado especialmente para t\u00e9cnicas de aclarado a mano alzada. Su textura tipo arcilla permite una aplicaci\u00f3n precisa y controlada, ideal para t\u00e9cnicas como <strong data-start=\"1081\" data-end=\"1136\">balayage, freehand y efectos de iluminaci\u00f3n natural<\/strong>.<\/p>\n<p data-start=\"1139\" data-end=\"1346\">Gracias a su avanzada tecnolog\u00eda <strong data-start=\"1172\" data-end=\"1190\">BondIN System\u2122<\/strong>, ayuda a proteger la estructura interna del cabello durante el proceso de decoloraci\u00f3n, reduciendo el da\u00f1o y manteniendo la integridad de la fibra capilar.<\/p>\n<p data-start=\"1348\" data-end=\"1482\">Este producto es ideal para profesionales que buscan lograr <strong data-start=\"1408\" data-end=\"1450\">rubios intensos, luminosos y uniformes<\/strong> con resultados de alta calidad.<\/p>\n<h2 data-section-id=\"337j2o\" data-start=\"1489\" data-end=\"1502\">Beneficios<\/h2>\n<ul data-start=\"1504\" data-end=\"1783\">\n<li data-section-id=\"lqyal2\" data-start=\"1504\" data-end=\"1542\">\n<p data-start=\"1506\" data-end=\"1542\">Aclara hasta <strong data-start=\"1519\" data-end=\"1540\">8 niveles de tono<\/strong><\/p>\n<\/li>\n<li data-section-id=\"ioxtq4\" data-start=\"1543\" data-end=\"1593\">\n<p data-start=\"1545\" data-end=\"1593\">Ideal para t\u00e9cnicas de <strong data-start=\"1568\" data-end=\"1591\">balayage y freehand<\/strong><\/p>\n<\/li>\n<li data-section-id=\"9uf1ei\" data-start=\"1594\" data-end=\"1643\">\n<p data-start=\"1596\" data-end=\"1643\">Textura de arcilla que facilita la aplicaci\u00f3n<\/p>\n<\/li>\n<li data-section-id=\"12ktkcc\" data-start=\"1644\" data-end=\"1688\">\n<p data-start=\"1646\" data-end=\"1688\">Permite una aplicaci\u00f3n precisa sin goteo<\/p>\n<\/li>\n<li data-section-id=\"1uc1e62\" data-start=\"1689\" data-end=\"1726\">\n<p data-start=\"1691\" data-end=\"1726\">Ayuda a proteger la fibra capilar<\/p>\n<\/li>\n<li data-section-id=\"2sr7v1\" data-start=\"1727\" data-end=\"1765\">\n<p data-start=\"1729\" data-end=\"1765\">Resultados uniformes y controlados<\/p>\n<\/li>\n<li data-section-id=\"1qn5kqh\" data-start=\"1766\" data-end=\"1783\">\n<p data-start=\"1768\" data-end=\"1783\">Uso profesional<\/p>\n<\/li>\n<\/ul>\n<h2 data-section-id=\"arbq7a\" data-start=\"1790\" data-end=\"1808\">Caracter\u00edsticas<\/h2>\n<ul data-start=\"1810\" data-end=\"2057\">\n<li data-section-id=\"n7tfbd\" data-start=\"1810\" data-end=\"1844\">\n<p data-start=\"1812\" data-end=\"1844\">Marca: <strong data-start=\"1819\" data-end=\"1842\">Revlon Professional<\/strong><\/p>\n<\/li>\n<li data-section-id=\"1qtusc0\" data-start=\"1845\" data-end=\"1874\">\n<p data-start=\"1847\" data-end=\"1874\">L\u00ednea: <strong data-start=\"1854\" data-end=\"1872\">Magnet Blondes<\/strong><\/p>\n<\/li>\n<li data-section-id=\"835vyz\" data-start=\"1875\" data-end=\"1911\">\n<p data-start=\"1877\" data-end=\"1911\">Producto: Ultimate Clay Powder 8<\/p>\n<\/li>\n<li data-section-id=\"1ol97uo\" data-start=\"1912\" data-end=\"1951\">\n<p data-start=\"1914\" data-end=\"1951\">Tipo: Polvo decolorante profesional<\/p>\n<\/li>\n<li data-section-id=\"1ux1t3w\" data-start=\"1952\" data-end=\"1985\">\n<p data-start=\"1954\" data-end=\"1985\">Aclarado: Hasta <strong data-start=\"1970\" data-end=\"1983\">8 niveles<\/strong><\/p>\n<\/li>\n<li data-section-id=\"b7nkku\" data-start=\"1986\" data-end=\"2020\">\n<p data-start=\"1988\" data-end=\"2020\">Tecnolog\u00eda: <strong data-start=\"2000\" data-end=\"2018\">BondIN System\u2122<\/strong><\/p>\n<\/li>\n<li data-section-id=\"cna759\" data-start=\"2021\" data-end=\"2057\">\n<p data-start=\"2023\" data-end=\"2057\">Presentaci\u00f3n: <strong data-start=\"2037\" data-end=\"2057\">400 g \/ 14.11 oz<\/strong><\/p>\n<\/li>\n<\/ul>\n<h1 data-section-id=\"1igm85j\" data-start=\"2064\" data-end=\"2077\">Modo de uso<\/h1>\n<p data-start=\"2079\" data-end=\"2313\">Mezclar el polvo con el revelador adecuado seg\u00fan la t\u00e9cnica deseada. Aplicar sobre el cabello seco en las \u00e1reas a aclarar y dejar actuar el tiempo recomendado por el profesional. Enjuagar y continuar con el proceso de cuidado capilar.<\/p>\n<p data-start=\"2315\" data-end=\"2345\"><strong data-start=\"2315\" data-end=\"2345\">Uso exclusivo profesional.<\/strong><\/p>\n","protected":false},"excerpt":{"rendered":"<p data-start=\"233\" data-end=\"549\"><strong data-start=\"233\" data-end=\"294\">Revlon Professional Magnet Blondes Ultimate Clay Powder 8<\/strong> es un polvo decolorante profesional dise\u00f1ado para t\u00e9cnicas de aclarado a mano alzada como balayage. Su f\u00f3rmula con <strong data-start=\"410\" data-end=\"439\">tecnolog\u00eda BondIN System\u2122<\/strong> ayuda a proteger la fibra capilar mientras aclara hasta <strong data-start=\"496\" data-end=\"509\">8 niveles<\/strong>, logrando rubios luminosos y naturales.<\/p>\n<p data-start=\"551\" data-end=\"684\">\u2714 Aclara hasta 8 tonos<br data-start=\"573\" data-end=\"576\" \/>\u2714 Ideal para balayage y t\u00e9cnicas freehand<br data-start=\"617\" data-end=\"620\" \/>\u2714 Protege la fibra capilar<br data-start=\"646\" data-end=\"649\" \/>\u2714 Textura de arcilla que no gotea<\/p>\n<p data-start=\"686\" data-end=\"706\"><strong data-start=\"686\" data-end=\"700\">Contenido:<\/strong> 400 g<\/p>\n","protected":false},"featured_media":1588,"comment_status":"open","ping_status":"closed","template":"","meta":{"_bst_post_transparent":"default","_bst_post_title":"","_bst_post_layout":"default","_bst_post_sidebar_id":"","_bst_post_content_style":"default","_bst_post_vertical_padding":"default","_bst_post_feature":"","_bst_post_feature_position":"","_bst_post_header":false,"_bst_post_footer":false},"product_brand":[],"product_cat":[85,81],"product_tag":[115,112,111,114,113],"product_brands":[],"class_list":{"0":"post-1587","1":"product","2":"type-product","3":"status-publish","4":"has-post-thumbnail","6":"product_cat-magnet","7":"product_cat-revlon-professional","8":"product_tag-decolorante-cabello","9":"product_tag-hair-lightener","10":"product_tag-magnet-blondes","11":"product_tag-polvo-decolorante","12":"product_tag-rubios-profesionales","14":"first","15":"instock","16":"shipping-taxable","17":"purchasable","18":"product-type-simple","19":"entry","20":"content-bg","21":"loop-entry"},"_links":{"self":[{"href":"https:\/\/hyperkalid.thoperchang.com\/index.php?rest_route=\/wp\/v2\/product\/1587","targetHints":{"allow":["GET"]}}],"collection":[{"href":"https:\/\/hyperkalid.thoperchang.com\/index.php?rest_route=\/wp\/v2\/product"}],"about":[{"href":"https:\/\/hyperkalid.thoperchang.com\/index.php?rest_route=\/wp\/v2\/types\/product"}],"replies":[{"embeddable":true,"href":"https:\/\/hyperkalid.thoperchang.com\/index.php?rest_route=%2Fwp%2Fv2%2Fcomments&post=1587"}],"wp:featuredmedia":[{"embeddable":true,"href":"https:\/\/hyperkalid.thoperchang.com\/index.php?rest_route=\/wp\/v2\/media\/1588"}],"wp:attachment":[{"href":"https:\/\/hyperkalid.thoperchang.com\/index.php?rest_route=%2Fwp%2Fv2%2Fmedia&parent=1587"}],"wp:term":[{"taxonomy":"product_brand","embeddable":true,"href":"https:\/\/hyperkalid.thoperchang.com\/index.php?rest_route=%2Fwp%2Fv2%2Fproduct_brand&post=1587"},{"taxonomy":"product_cat","embeddable":true,"href":"https:\/\/hyperkalid.thoperchang.com\/index.php?rest_route=%2Fwp%2Fv2%2Fproduct_cat&post=1587"},{"taxonomy":"product_tag","embeddable":true,"href":"https:\/\/hyperkalid.thoperchang.com\/index.php?rest_route=%2Fwp%2Fv2%2Fproduct_tag&post=1587"},{"taxonomy":"product_brands","embeddable":true,"href":"https:\/\/hyperkalid.thoperchang.com\/index.php?rest_route=%2Fwp%2Fv2%2Fproduct_brands&post=1587"}],"curies":[{"name":"wp","href":"https:\/\/api.w.org\/{rel}","templated":true}]}}