{"id":1596,"date":"2026-03-15T14:14:26","date_gmt":"2026-03-15T14:14:26","guid":{"rendered":"https:\/\/thchang.com\/hyperkalid\/?post_type=product&#038;p=1596"},"modified":"2026-03-15T14:29:13","modified_gmt":"2026-03-15T14:29:13","slug":"re-start-density-anti-hair-loss-direct-spray","status":"publish","type":"product","link":"https:\/\/hyperkalid.thoperchang.com\/?product=re-start-density-anti-hair-loss-direct-spray","title":{"rendered":"RE\/START Density Anti Hair Loss Direct Spray"},"content":{"rendered":"<h2 data-section-id=\"1rfs091\" data-start=\"748\" data-end=\"815\">Revlon Professional RE\/START Density Anti Hair Loss Direct Spray<\/h2>\n<p data-start=\"817\" data-end=\"1014\">El <strong data-start=\"820\" data-end=\"891\">RE\/START Density Anti Hair Loss Direct Spray de Revlon Professional<\/strong> es un tratamiento capilar dise\u00f1ado para ayudar a reducir la ca\u00edda del cabello y fortalecer la fibra capilar desde la ra\u00edz.<\/p>\n<p data-start=\"1016\" data-end=\"1257\">Su f\u00f3rmula de r\u00e1pida absorci\u00f3n combina la tecnolog\u00eda <strong data-start=\"1069\" data-end=\"1090\">Kerabiotic System<\/strong> con <strong data-start=\"1095\" data-end=\"1106\">ZFORCE\u2122<\/strong>, un complejo de ingredientes multifuncionales que ayuda a equilibrar el microbioma del cuero cabelludo y mejorar la estructura del cabello debilitado.<\/p>\n<p data-start=\"1259\" data-end=\"1391\">Este tratamiento revitaliza el cuero cabelludo y fortalece el cabello, contribuyendo a un aspecto m\u00e1s denso, saludable y resistente.<\/p>\n<h2 data-section-id=\"337j2o\" data-start=\"1398\" data-end=\"1411\">Beneficios<\/h2>\n<ul data-start=\"1413\" data-end=\"1680\">\n<li data-section-id=\"1fn66db\" data-start=\"1413\" data-end=\"1453\">\n<p data-start=\"1415\" data-end=\"1453\">Ayuda a reducir la ca\u00edda del cabello<\/p>\n<\/li>\n<li data-section-id=\"apcum6\" data-start=\"1454\" data-end=\"1484\">\n<p data-start=\"1456\" data-end=\"1484\">Fortalece la fibra capilar<\/p>\n<\/li>\n<li data-section-id=\"1kctyvv\" data-start=\"1485\" data-end=\"1533\">\n<p data-start=\"1487\" data-end=\"1533\">Mejora la densidad y resistencia del cabello<\/p>\n<\/li>\n<li data-section-id=\"a3rmk7\" data-start=\"1534\" data-end=\"1581\">\n<p data-start=\"1536\" data-end=\"1581\">Equilibra el microbioma del cuero cabelludo<\/p>\n<\/li>\n<li data-section-id=\"1omqqxd\" data-start=\"1582\" data-end=\"1621\">\n<p data-start=\"1584\" data-end=\"1621\">Absorci\u00f3n r\u00e1pida sin dejar residuos<\/p>\n<\/li>\n<li data-section-id=\"1xg7j5w\" data-start=\"1622\" data-end=\"1680\">\n<p data-start=\"1624\" data-end=\"1680\">Ideal para cabello debilitado o con tendencia a la ca\u00edda<\/p>\n<\/li>\n<\/ul>\n<h2 data-section-id=\"sbovcy\" data-start=\"1687\" data-end=\"1699\">C\u00f3mo usar<\/h2>\n<ol data-start=\"1701\" data-end=\"1870\">\n<li data-section-id=\"vrv9vk\" data-start=\"1701\" data-end=\"1759\">\n<p data-start=\"1704\" data-end=\"1759\">Aplicar directamente sobre el cuero cabelludo limpio.<\/p>\n<\/li>\n<li data-section-id=\"xev40w\" data-start=\"1760\" data-end=\"1800\">\n<p data-start=\"1763\" data-end=\"1800\">Distribuir en las zonas necesarias.<\/p>\n<\/li>\n<li data-section-id=\"7q6f9b\" data-start=\"1801\" data-end=\"1854\">\n<p data-start=\"1804\" data-end=\"1854\">Masajear suavemente para favorecer la absorci\u00f3n.<\/p>\n<\/li>\n<li data-section-id=\"6eapgx\" data-start=\"1855\" data-end=\"1870\">\n<p data-start=\"1858\" data-end=\"1870\">No enjuagar.<\/p>\n<\/li>\n<\/ol>\n<p data-start=\"1872\" data-end=\"1946\">Puede utilizarse regularmente como parte de una rutina de cuidado capilar.<\/p>\n<h2 data-section-id=\"arbq7a\" data-start=\"1953\" data-end=\"1971\">Caracter\u00edsticas<\/h2>\n<ul data-start=\"1973\" data-end=\"2215\">\n<li data-section-id=\"n7tfbd\" data-start=\"1973\" data-end=\"2007\">\n<p data-start=\"1975\" data-end=\"2007\">Marca: <strong data-start=\"1982\" data-end=\"2005\">Revlon Professional<\/strong><\/p>\n<\/li>\n<li data-section-id=\"evbyjd\" data-start=\"2008\" data-end=\"2039\">\n<p data-start=\"2010\" data-end=\"2039\">L\u00ednea: <strong data-start=\"2017\" data-end=\"2037\">RE\/START Density<\/strong><\/p>\n<\/li>\n<li data-section-id=\"mwsd75\" data-start=\"2040\" data-end=\"2081\">\n<p data-start=\"2042\" data-end=\"2081\">Producto: Anti Hair Loss Direct Spray<\/p>\n<\/li>\n<li data-section-id=\"13sbwem\" data-start=\"2082\" data-end=\"2113\">\n<p data-start=\"2084\" data-end=\"2113\">Tipo: Tratamiento antica\u00edda<\/p>\n<\/li>\n<li data-section-id=\"11tk2o5\" data-start=\"2114\" data-end=\"2157\">\n<p data-start=\"2116\" data-end=\"2157\">Tecnolog\u00eda: Kerabiotic System + ZFORCE\u2122<\/p>\n<\/li>\n<li data-section-id=\"nel8bx\" data-start=\"2158\" data-end=\"2179\">\n<p data-start=\"2160\" data-end=\"2179\">Uso: Sin enjuague<\/p>\n<\/li>\n<li data-section-id=\"ax57s3\" data-start=\"2180\" data-end=\"2215\">\n<p data-start=\"2182\" data-end=\"2215\">Contenido: <strong data-start=\"2193\" data-end=\"2215\">100 ml \/ 3.3 fl oz<\/strong><\/p>\n<\/li>\n<\/ul>\n","protected":false},"excerpt":{"rendered":"<ul>\n<li>\n<p data-start=\"229\" data-end=\"542\"><strong data-start=\"229\" data-end=\"300\">Revlon Professional RE\/START Hydration Moisture Melting Conditioner<\/strong> es un acondicionador hidratante que ayuda a equilibrar el microbioma del cuero cabelludo mientras nutre profundamente el cabello. Su f\u00f3rmula con <strong data-start=\"446\" data-end=\"486\">tecnolog\u00eda Kerabiotic y Pro-Betaine\u2122<\/strong> deja el cabello suave, hidratado y f\u00e1cil de desenredar.<\/p>\n<p data-start=\"544\" data-end=\"670\">\u2714 Hidrataci\u00f3n profunda<br data-start=\"566\" data-end=\"569\" \/>\u2714 Cabello m\u00e1s suave y manejable<br data-start=\"600\" data-end=\"603\" \/>\u2714 Ayuda a equilibrar el cuero cabelludo<br data-start=\"642\" data-end=\"645\" \/>\u2714 Facilita el desenredo<\/p>\n<p data-start=\"672\" data-end=\"693\"><strong data-start=\"672\" data-end=\"686\">Contenido:<\/strong> 750 ml<\/p>\n<\/li>\n<\/ul>\n","protected":false},"featured_media":1590,"comment_status":"closed","ping_status":"closed","template":"","meta":{"_bst_post_transparent":"default","_bst_post_title":"","_bst_post_layout":"default","_bst_post_sidebar_id":"","_bst_post_content_style":"default","_bst_post_vertical_padding":"default","_bst_post_feature":"","_bst_post_feature_position":"","_bst_post_header":false,"_bst_post_footer":false},"product_brand":[],"product_cat":[86,81],"product_tag":[123,126,127,128],"product_brands":[],"class_list":{"0":"post-1596","1":"product","2":"type-product","3":"status-publish","4":"has-post-thumbnail","6":"product_cat-restart","7":"product_cat-revlon-professional","8":"product_tag-revlon-restart","9":"product_tag-spray-anticaida","10":"product_tag-tratamiento-cabello-caida","11":"product_tag-tratamiento-capilar-profesional","13":"first","14":"instock","15":"sale","16":"featured","17":"shipping-taxable","18":"purchasable","19":"product-type-simple","20":"entry","21":"content-bg","22":"loop-entry"},"_links":{"self":[{"href":"https:\/\/hyperkalid.thoperchang.com\/index.php?rest_route=\/wp\/v2\/product\/1596","targetHints":{"allow":["GET"]}}],"collection":[{"href":"https:\/\/hyperkalid.thoperchang.com\/index.php?rest_route=\/wp\/v2\/product"}],"about":[{"href":"https:\/\/hyperkalid.thoperchang.com\/index.php?rest_route=\/wp\/v2\/types\/product"}],"replies":[{"embeddable":true,"href":"https:\/\/hyperkalid.thoperchang.com\/index.php?rest_route=%2Fwp%2Fv2%2Fcomments&post=1596"}],"wp:featuredmedia":[{"embeddable":true,"href":"https:\/\/hyperkalid.thoperchang.com\/index.php?rest_route=\/wp\/v2\/media\/1590"}],"wp:attachment":[{"href":"https:\/\/hyperkalid.thoperchang.com\/index.php?rest_route=%2Fwp%2Fv2%2Fmedia&parent=1596"}],"wp:term":[{"taxonomy":"product_brand","embeddable":true,"href":"https:\/\/hyperkalid.thoperchang.com\/index.php?rest_route=%2Fwp%2Fv2%2Fproduct_brand&post=1596"},{"taxonomy":"product_cat","embeddable":true,"href":"https:\/\/hyperkalid.thoperchang.com\/index.php?rest_route=%2Fwp%2Fv2%2Fproduct_cat&post=1596"},{"taxonomy":"product_tag","embeddable":true,"href":"https:\/\/hyperkalid.thoperchang.com\/index.php?rest_route=%2Fwp%2Fv2%2Fproduct_tag&post=1596"},{"taxonomy":"product_brands","embeddable":true,"href":"https:\/\/hyperkalid.thoperchang.com\/index.php?rest_route=%2Fwp%2Fv2%2Fproduct_brands&post=1596"}],"curies":[{"name":"wp","href":"https:\/\/api.w.org\/{rel}","templated":true}]}}