{"id":1597,"date":"2026-03-15T14:29:24","date_gmt":"2026-03-15T14:29:24","guid":{"rendered":"https:\/\/thchang.com\/hyperkalid\/?post_type=product&#038;p=1597"},"modified":"2026-03-15T14:36:15","modified_gmt":"2026-03-15T14:36:15","slug":"stem-cells-cell-innove-instant-mask","status":"publish","type":"product","link":"https:\/\/hyperkalid.thoperchang.com\/?product=stem-cells-cell-innove-instant-mask","title":{"rendered":"Stem Cells Cell Innove Instant Mask"},"content":{"rendered":"<h2 data-section-id=\"137ipxb\" data-start=\"719\" data-end=\"773\">Abril et Nature Stem Cells Cell Innove Instant Mask<\/h2>\n<p data-start=\"775\" data-end=\"1110\">La <strong data-start=\"778\" data-end=\"836\">Stem Cells Cell Innove Instant Mask de Abril et Nature<\/strong> es una mascarilla capilar regeneradora dise\u00f1ada para revitalizar el cabello y devolverle su aspecto saludable. Su f\u00f3rmula avanzada con ingredientes inspirados en <strong data-start=\"999\" data-end=\"1026\">c\u00e9lulas madre vegetales<\/strong> ayuda a estimular la regeneraci\u00f3n capilar y mejorar la calidad de la fibra capilar.<\/p>\n<p data-start=\"1112\" data-end=\"1335\">Este tratamiento aporta hidrataci\u00f3n intensa y nutrici\u00f3n profunda, ayudando a restaurar la suavidad, el brillo y la manejabilidad del cabello. Es ideal para cabellos debilitados, apagados o que necesitan recuperar vitalidad.<\/p>\n<h2 data-section-id=\"337j2o\" data-start=\"1342\" data-end=\"1355\">Beneficios<\/h2>\n<ul data-start=\"1357\" data-end=\"1586\">\n<li data-section-id=\"x7lp52\" data-start=\"1357\" data-end=\"1391\">\n<p data-start=\"1359\" data-end=\"1391\">Ayuda a rejuvenecer el cabello<\/p>\n<\/li>\n<li data-section-id=\"1yr03a6\" data-start=\"1392\" data-end=\"1434\">\n<p data-start=\"1394\" data-end=\"1434\">Hidrata profundamente la fibra capilar<\/p>\n<\/li>\n<li data-section-id=\"1bepuzo\" data-start=\"1435\" data-end=\"1469\">\n<p data-start=\"1437\" data-end=\"1469\">Mejora la suavidad y el brillo<\/p>\n<\/li>\n<li data-section-id=\"1a29cfv\" data-start=\"1470\" data-end=\"1505\">\n<p data-start=\"1472\" data-end=\"1505\">Fortalece el cabello debilitado<\/p>\n<\/li>\n<li data-section-id=\"q68no9\" data-start=\"1506\" data-end=\"1531\">\n<p data-start=\"1508\" data-end=\"1531\">Facilita el desenredo<\/p>\n<\/li>\n<li data-section-id=\"1nastom\" data-start=\"1532\" data-end=\"1569\">\n<p data-start=\"1534\" data-end=\"1569\">Cabello m\u00e1s saludable y manejable<\/p>\n<\/li>\n<li data-section-id=\"t0lgg\" data-start=\"1570\" data-end=\"1586\">\n<p data-start=\"1572\" data-end=\"1586\">F\u00f3rmula vegana<\/p>\n<\/li>\n<\/ul>\n<h2 data-section-id=\"sbovcy\" data-start=\"1593\" data-end=\"1605\">C\u00f3mo usar<\/h2>\n<ol data-start=\"1607\" data-end=\"1761\">\n<li data-section-id=\"1h5oejw\" data-start=\"1607\" data-end=\"1653\">\n<p data-start=\"1610\" data-end=\"1653\">Aplicar sobre el cabello limpio y h\u00famedo.<\/p>\n<\/li>\n<li data-section-id=\"1e34x9a\" data-start=\"1654\" data-end=\"1689\">\n<p data-start=\"1657\" data-end=\"1689\">Distribuir de medios a puntas.<\/p>\n<\/li>\n<li data-section-id=\"14pppjn\" data-start=\"1690\" data-end=\"1729\">\n<p data-start=\"1693\" data-end=\"1729\">Dejar actuar durante unos minutos.<\/p>\n<\/li>\n<li data-section-id=\"1xjigzm\" data-start=\"1730\" data-end=\"1761\">\n<p data-start=\"1733\" data-end=\"1761\">Enjuagar con abundante agua.<\/p>\n<\/li>\n<\/ol>\n<p data-start=\"1763\" data-end=\"1822\">Puede utilizarse regularmente como tratamiento regenerador.<\/p>\n<h2 data-section-id=\"arbq7a\" data-start=\"1829\" data-end=\"1847\">Caracter\u00edsticas<\/h2>\n<ul data-start=\"1849\" data-end=\"2088\">\n<li data-section-id=\"4qgj02\" data-start=\"1849\" data-end=\"1879\">\n<p data-start=\"1851\" data-end=\"1879\">Marca: <strong data-start=\"1858\" data-end=\"1877\">Abril et Nature<\/strong><\/p>\n<\/li>\n<li data-section-id=\"1xun5gj\" data-start=\"1880\" data-end=\"1919\">\n<p data-start=\"1882\" data-end=\"1919\">L\u00ednea: <strong data-start=\"1889\" data-end=\"1917\">Stem Cells \u2013 Cell Innove<\/strong><\/p>\n<\/li>\n<li data-section-id=\"f8dtvd\" data-start=\"1920\" data-end=\"1946\">\n<p data-start=\"1922\" data-end=\"1946\">Producto: Instant Mask<\/p>\n<\/li>\n<li data-section-id=\"jn536u\" data-start=\"1947\" data-end=\"1988\">\n<p data-start=\"1949\" data-end=\"1988\">Tipo: Mascarilla capilar regeneradora<\/p>\n<\/li>\n<li data-section-id=\"1kzitcu\" data-start=\"1989\" data-end=\"2028\">\n<p data-start=\"1991\" data-end=\"2028\">Beneficio: Rejuvenecimiento capilar<\/p>\n<\/li>\n<li data-section-id=\"18s9sca\" data-start=\"2029\" data-end=\"2048\">\n<p data-start=\"2031\" data-end=\"2048\">F\u00f3rmula: Vegana<\/p>\n<\/li>\n<li data-section-id=\"12qge0l\" data-start=\"2049\" data-end=\"2088\">\n<p data-start=\"2051\" data-end=\"2088\">Presentaci\u00f3n: <strong data-start=\"2065\" data-end=\"2088\">200 ml \/ 6.76 fl oz<\/strong><\/p>\n<\/li>\n<\/ul>\n","protected":false},"excerpt":{"rendered":"<ul>\n<li>\n<p data-start=\"211\" data-end=\"546\"><strong data-start=\"211\" data-end=\"266\">Abril et Nature Stem Cells Cell Innove Instant Mask<\/strong> es una mascarilla capilar regeneradora que ayuda a rejuvenecer el cabello, aportando hidrataci\u00f3n, suavidad y vitalidad. Su f\u00f3rmula inspirada en la tecnolog\u00eda de <strong data-start=\"428\" data-end=\"455\">c\u00e9lulas madre vegetales<\/strong> fortalece la fibra capilar y mejora la apariencia del cabello desde la primera aplicaci\u00f3n.<\/p>\n<p data-start=\"548\" data-end=\"654\">\u2714 Rejuvenecimiento capilar<br data-start=\"574\" data-end=\"577\" \/>\u2714 Hidrataci\u00f3n profunda<br data-start=\"599\" data-end=\"602\" \/>\u2714 Cabello m\u00e1s suave y brillante<br data-start=\"633\" data-end=\"636\" \/>\u2714 F\u00f3rmula vegana<\/p>\n<p data-start=\"656\" data-end=\"677\"><strong data-start=\"656\" data-end=\"670\">Contenido:<\/strong> 200 ml<\/p>\n<\/li>\n<\/ul>\n","protected":false},"featured_media":1598,"comment_status":"closed","ping_status":"closed","template":"","meta":{"_bst_post_transparent":"default","_bst_post_title":"","_bst_post_layout":"default","_bst_post_sidebar_id":"","_bst_post_content_style":"default","_bst_post_vertical_padding":"default","_bst_post_feature":"","_bst_post_feature_position":"","_bst_post_header":false,"_bst_post_footer":false},"product_brand":[],"product_cat":[83,95],"product_tag":[110,129,130],"product_brands":[],"class_list":{"0":"post-1597","1":"product","2":"type-product","3":"status-publish","4":"has-post-thumbnail","6":"product_cat-abril-et-nature","7":"product_cat-cell-innove","8":"product_tag-cuidado-del-cabello","9":"product_tag-mascarilla-capilar","10":"product_tag-mascarilla-regeneradora","12":"first","13":"instock","14":"sale","15":"featured","16":"shipping-taxable","17":"purchasable","18":"product-type-simple","19":"entry","20":"content-bg","21":"loop-entry"},"_links":{"self":[{"href":"https:\/\/hyperkalid.thoperchang.com\/index.php?rest_route=\/wp\/v2\/product\/1597","targetHints":{"allow":["GET"]}}],"collection":[{"href":"https:\/\/hyperkalid.thoperchang.com\/index.php?rest_route=\/wp\/v2\/product"}],"about":[{"href":"https:\/\/hyperkalid.thoperchang.com\/index.php?rest_route=\/wp\/v2\/types\/product"}],"replies":[{"embeddable":true,"href":"https:\/\/hyperkalid.thoperchang.com\/index.php?rest_route=%2Fwp%2Fv2%2Fcomments&post=1597"}],"wp:featuredmedia":[{"embeddable":true,"href":"https:\/\/hyperkalid.thoperchang.com\/index.php?rest_route=\/wp\/v2\/media\/1598"}],"wp:attachment":[{"href":"https:\/\/hyperkalid.thoperchang.com\/index.php?rest_route=%2Fwp%2Fv2%2Fmedia&parent=1597"}],"wp:term":[{"taxonomy":"product_brand","embeddable":true,"href":"https:\/\/hyperkalid.thoperchang.com\/index.php?rest_route=%2Fwp%2Fv2%2Fproduct_brand&post=1597"},{"taxonomy":"product_cat","embeddable":true,"href":"https:\/\/hyperkalid.thoperchang.com\/index.php?rest_route=%2Fwp%2Fv2%2Fproduct_cat&post=1597"},{"taxonomy":"product_tag","embeddable":true,"href":"https:\/\/hyperkalid.thoperchang.com\/index.php?rest_route=%2Fwp%2Fv2%2Fproduct_tag&post=1597"},{"taxonomy":"product_brands","embeddable":true,"href":"https:\/\/hyperkalid.thoperchang.com\/index.php?rest_route=%2Fwp%2Fv2%2Fproduct_brands&post=1597"}],"curies":[{"name":"wp","href":"https:\/\/api.w.org\/{rel}","templated":true}]}}