{"id":1602,"date":"2026-03-15T14:36:28","date_gmt":"2026-03-15T14:36:28","guid":{"rendered":"https:\/\/thchang.com\/hyperkalid\/?post_type=product&#038;p=1602"},"modified":"2026-03-15T14:43:52","modified_gmt":"2026-03-15T14:43:52","slug":"stem-cells-splendor-essence","status":"publish","type":"product","link":"https:\/\/hyperkalid.thoperchang.com\/?product=stem-cells-splendor-essence","title":{"rendered":"Stem Cells Splendor Essence"},"content":{"rendered":"<h2 data-section-id=\"1ayfqja\" data-start=\"685\" data-end=\"731\">Abril et Nature Stem Cells Splendor Essence<\/h2>\n<p data-start=\"733\" data-end=\"998\">La <strong data-start=\"736\" data-end=\"775\">Splendor Essence de Abril et Nature<\/strong> es un fluido capilar dise\u00f1ado para proporcionar brillo intenso y mejorar la apariencia del cabello. Su f\u00f3rmula ligera act\u00faa como un tratamiento de acabado que aporta luminosidad, suavidad y un aspecto saludable al cabello.<\/p>\n<p data-start=\"1000\" data-end=\"1249\">Este producto ayuda a controlar el encrespamiento y a mejorar la textura del cabello, dejando un resultado sedoso y brillante sin apelmazar. Es ideal para usar como toque final despu\u00e9s del peinado o como parte de la rutina diaria de cuidado capilar.<\/p>\n<p data-start=\"1251\" data-end=\"1319\">Su textura ligera permite una r\u00e1pida absorci\u00f3n y un acabado natural.<\/p>\n<p data-start=\"1251\" data-end=\"1319\">\n","protected":false},"excerpt":{"rendered":"<ul>\n<li>\n<h2 data-section-id=\"1ayfqja\" data-start=\"685\" data-end=\"731\">Abril et Nature Stem Cells Splendor Essence<\/h2>\n<p data-start=\"733\" data-end=\"998\">La <strong data-start=\"736\" data-end=\"775\">Splendor Essence de Abril et Nature<\/strong> es un fluido capilar dise\u00f1ado para proporcionar brillo intenso y mejorar la apariencia del cabello. Su f\u00f3rmula ligera act\u00faa como un tratamiento de acabado que aporta luminosidad, suavidad y un aspecto saludable al cabello.<\/p>\n<p data-start=\"1000\" data-end=\"1249\">Este producto ayuda a controlar el encrespamiento y a mejorar la textura del cabello, dejando un resultado sedoso y brillante sin apelmazar. Es ideal para usar como toque final despu\u00e9s del peinado o como parte de la rutina diaria de cuidado capilar.<\/p>\n<p data-start=\"1251\" data-end=\"1319\">Su textura ligera permite una r\u00e1pida absorci\u00f3n y un acabado natural.<\/p>\n<\/li>\n<\/ul>\n<h2 data-section-id=\"337j2o\" data-start=\"1326\" data-end=\"1339\">Beneficios<\/h2>\n<ul data-start=\"1341\" data-end=\"1570\">\n<li data-section-id=\"loinbx\" data-start=\"1341\" data-end=\"1380\">\n<p data-start=\"1343\" data-end=\"1380\">Aporta brillo intenso y luminosidad<\/p>\n<\/li>\n<li data-section-id=\"1ufovbw\" data-start=\"1381\" data-end=\"1409\">\n<p data-start=\"1383\" data-end=\"1409\">Suaviza la fibra capilar<\/p>\n<\/li>\n<li data-section-id=\"n808zb\" data-start=\"1410\" data-end=\"1446\">\n<p data-start=\"1412\" data-end=\"1446\">Mejora la apariencia del cabello<\/p>\n<\/li>\n<li data-section-id=\"10bc64h\" data-start=\"1447\" data-end=\"1477\">\n<p data-start=\"1449\" data-end=\"1477\">Ayuda a controlar el frizz<\/p>\n<\/li>\n<li data-section-id=\"p2j2xu\" data-start=\"1478\" data-end=\"1512\">\n<p data-start=\"1480\" data-end=\"1512\">Cabello m\u00e1s sedoso y manejable<\/p>\n<\/li>\n<li data-section-id=\"c9d0u3\" data-start=\"1513\" data-end=\"1553\">\n<p data-start=\"1515\" data-end=\"1553\">No deja residuos ni sensaci\u00f3n pesada<\/p>\n<\/li>\n<li data-section-id=\"t0lgg\" data-start=\"1554\" data-end=\"1570\">\n<p data-start=\"1556\" data-end=\"1570\">F\u00f3rmula vegana<\/p>\n<\/li>\n<\/ul>\n<h2 data-section-id=\"sbovcy\" data-start=\"1577\" data-end=\"1589\">C\u00f3mo usar<\/h2>\n<ol data-start=\"1591\" data-end=\"1739\">\n<li data-section-id=\"1imy5yo\" data-start=\"1591\" data-end=\"1656\">\n<p data-start=\"1594\" data-end=\"1656\">Aplicar una peque\u00f1a cantidad sobre el cabello h\u00famedo o seco.<\/p>\n<\/li>\n<li data-section-id=\"1e34x9a\" data-start=\"1657\" data-end=\"1692\">\n<p data-start=\"1660\" data-end=\"1692\">Distribuir de medios a puntas.<\/p>\n<\/li>\n<li data-section-id=\"d8419a\" data-start=\"1693\" data-end=\"1723\">\n<p data-start=\"1696\" data-end=\"1723\">Peinar como de costumbre.<\/p>\n<\/li>\n<li data-section-id=\"6eapgx\" data-start=\"1724\" data-end=\"1739\">\n<p data-start=\"1727\" data-end=\"1739\">No enjuagar.<\/p>\n<\/li>\n<\/ol>\n<p data-start=\"1741\" data-end=\"1803\">Ideal como producto de acabado para aportar brillo al cabello.<\/p>\n<h2 data-section-id=\"arbq7a\" data-start=\"1810\" data-end=\"1828\">Caracter\u00edsticas<\/h2>\n<ul data-start=\"1830\" data-end=\"2098\">\n<li data-section-id=\"4qgj02\" data-start=\"1830\" data-end=\"1860\">\n<p data-start=\"1832\" data-end=\"1860\">Marca: <strong data-start=\"1839\" data-end=\"1858\">Abril et Nature<\/strong><\/p>\n<\/li>\n<li data-section-id=\"imqmir\" data-start=\"1861\" data-end=\"1886\">\n<p data-start=\"1863\" data-end=\"1886\">L\u00ednea: <strong data-start=\"1870\" data-end=\"1884\">Stem Cells<\/strong><\/p>\n<\/li>\n<li data-section-id=\"1ymfter\" data-start=\"1887\" data-end=\"1917\">\n<p data-start=\"1889\" data-end=\"1917\">Producto: Splendor Essence<\/p>\n<\/li>\n<li data-section-id=\"8tanq3\" data-start=\"1918\" data-end=\"1957\">\n<p data-start=\"1920\" data-end=\"1957\">Tipo: Fluido capilar brillo intenso<\/p>\n<\/li>\n<li data-section-id=\"p460l9\" data-start=\"1958\" data-end=\"1990\">\n<p data-start=\"1960\" data-end=\"1990\">Uso: Sin enjuague (leave-in)<\/p>\n<\/li>\n<li data-section-id=\"4em5nl\" data-start=\"1991\" data-end=\"2038\">\n<p data-start=\"1993\" data-end=\"2038\">Beneficio principal: Luminosidad y suavidad<\/p>\n<\/li>\n<li data-section-id=\"18s9sca\" data-start=\"2039\" data-end=\"2058\">\n<p data-start=\"2041\" data-end=\"2058\">F\u00f3rmula: Vegana<\/p>\n<\/li>\n<li data-section-id=\"1ex1fo9\" data-start=\"2059\" data-end=\"2098\">\n<p data-start=\"2061\" data-end=\"2098\">Presentaci\u00f3n: <strong data-start=\"2075\" data-end=\"2098\">100 ml \/ 3.38 fl oz<\/strong><\/p>\n<\/li>\n<\/ul>\n<p>&nbsp;<\/p>\n","protected":false},"featured_media":1598,"comment_status":"closed","ping_status":"closed","template":"","meta":{"_bst_post_transparent":"default","_bst_post_title":"","_bst_post_layout":"default","_bst_post_sidebar_id":"","_bst_post_content_style":"default","_bst_post_vertical_padding":"default","_bst_post_feature":"","_bst_post_feature_position":"","_bst_post_header":false,"_bst_post_footer":false},"product_brand":[],"product_cat":[83,98],"product_tag":[116,132,133,131,134],"product_brands":[],"class_list":{"0":"post-1602","1":"product","2":"type-product","3":"status-publish","4":"has-post-thumbnail","6":"product_cat-abril-et-nature","7":"product_cat-splendor-essence","8":"product_tag-abril-et-nature","9":"product_tag-brillo-cabello","10":"product_tag-control-frizz-cabello","11":"product_tag-fluido-capilar","12":"product_tag-serum-capilar","14":"first","15":"instock","16":"sale","17":"featured","18":"shipping-taxable","19":"purchasable","20":"product-type-simple","21":"entry","22":"content-bg","23":"loop-entry"},"_links":{"self":[{"href":"https:\/\/hyperkalid.thoperchang.com\/index.php?rest_route=\/wp\/v2\/product\/1602","targetHints":{"allow":["GET"]}}],"collection":[{"href":"https:\/\/hyperkalid.thoperchang.com\/index.php?rest_route=\/wp\/v2\/product"}],"about":[{"href":"https:\/\/hyperkalid.thoperchang.com\/index.php?rest_route=\/wp\/v2\/types\/product"}],"replies":[{"embeddable":true,"href":"https:\/\/hyperkalid.thoperchang.com\/index.php?rest_route=%2Fwp%2Fv2%2Fcomments&post=1602"}],"wp:featuredmedia":[{"embeddable":true,"href":"https:\/\/hyperkalid.thoperchang.com\/index.php?rest_route=\/wp\/v2\/media\/1598"}],"wp:attachment":[{"href":"https:\/\/hyperkalid.thoperchang.com\/index.php?rest_route=%2Fwp%2Fv2%2Fmedia&parent=1602"}],"wp:term":[{"taxonomy":"product_brand","embeddable":true,"href":"https:\/\/hyperkalid.thoperchang.com\/index.php?rest_route=%2Fwp%2Fv2%2Fproduct_brand&post=1602"},{"taxonomy":"product_cat","embeddable":true,"href":"https:\/\/hyperkalid.thoperchang.com\/index.php?rest_route=%2Fwp%2Fv2%2Fproduct_cat&post=1602"},{"taxonomy":"product_tag","embeddable":true,"href":"https:\/\/hyperkalid.thoperchang.com\/index.php?rest_route=%2Fwp%2Fv2%2Fproduct_tag&post=1602"},{"taxonomy":"product_brands","embeddable":true,"href":"https:\/\/hyperkalid.thoperchang.com\/index.php?rest_route=%2Fwp%2Fv2%2Fproduct_brands&post=1602"}],"curies":[{"name":"wp","href":"https:\/\/api.w.org\/{rel}","templated":true}]}}